{"id":1156,"date":"2023-05-23T10:33:29","date_gmt":"2023-05-23T08:33:29","guid":{"rendered":"http:\/\/care-alesia.lndo.site\/cookie-policy\/"},"modified":"2023-06-14T19:38:35","modified_gmt":"2023-06-14T17:38:35","slug":"cookie-policy","status":"publish","type":"page","link":"https:\/\/care-alesia.fr\/en\/cookie-policy\/","title":{"rendered":"Cookie policy"},"content":{"rendered":"<div  class=\"grids-section grids-is-stretch\" style=\"--_gs-gap-desktop:0px 0px;--_gs-m-desktop:0 0 0 0;--_gs-p-desktop:0 0 0 0;--_gs-bg-desktop:transparent none;--_gs-bg-xp-desktop:0px;--_gs-zi-desktop:auto;--_gs-d-desktop:block;--_gs-mw-desktop:calc(100% - 0 - 0);--_gs-gap-tablet:0px 0px;--_gs-m-tablet:0 0 0 0;--_gs-p-tablet:0 0 0 0;--_gs-bg-tablet:transparent none;--_gs-bg-xp-tablet:0px;--_gs-zi-tablet:auto;--_gs-d-tablet:block;--_gs-mw-tablet:calc(100% - 0 - 0);--_gs-gap-mobile:0px 0px;--_gs-m-mobile:0 0 0 0;--_gs-p-mobile:0 0 0 0;--_gs-bg-mobile:transparent none;--_gs-bg-xp-mobile:0px;--_gs-zi-mobile:auto;--_gs-d-mobile:block;--_gs-mw-mobile:calc(100% - 0 - 0);--_gs-columns:1;--_gs-rows:1\"><div class=\"grids-s-w_i\">\n<div class=\"grids-area container\" style=\"--_ga-column:1\/2;--_ga-row:1\/2;--_ga-m-desktop:0 0 0 0;--_ga-p-desktop:0 0 0 0;--_ga-bg-desktop:transparent none;--_ga-zi-desktop:auto;--_ga-d-desktop:flex;--_ga-mw-desktop:calc(100% - 0 - 0);--_ga-m-tablet:0 0 0 0;--_ga-p-tablet:0 0 0 0;--_ga-bg-tablet:transparent none;--_ga-zi-tablet:auto;--_ga-d-tablet:flex;--_ga-mw-tablet:calc(100% - 0 - 0);--_ga-m-mobile:0 0 0 0;--_ga-p-mobile:0 0 0 0;--_ga-bg-mobile:transparent none;--_ga-zi-mobile:auto;--_ga-d-mobile:flex;--_ga-mw-mobile:calc(100% - 0 - 0)\">\n<div class=\"block--block_rich_text \" data-aos=\"zoom-in-down\">\n\t<div class=\"field--rich-text\">\n\t\t<p><strong>Cookie policy<\/strong><\/p>\n<p><strong>Qu\u2019est-ce qu\u2019un cookie ?<\/strong><\/p>\n<p>La navigation sur le site www.care-promotion.fr est susceptible de provoquer l\u2019installation de cookies sur l\u2019ordinateur de l\u2019utilisateur. Un cookie est un fichier informatique de petite taille stock\u00e9 par un serveur dans le terminal d\u2019un utilisateur (ordinateur, t\u00e9l\u00e9phone\u2026) et associ\u00e9 \u00e0 une page web. Un cookie ne permet pas d\u2019identifier les utilisateurs mais sert \u00e0 enregistrer des informations relatives \u00e0 la navigation de celui-ci sur le site.<\/p>\n<p><strong>Pourquoi CARE PROMOTION utilise des cookies ?<\/strong><\/p>\n<p>CARE PROMOTION utilise des cookies pour faciliter la navigation sur son site de ses internautes lors de leurs visites. Les cookies permettent notamment de pr\u00e9senter des informations plus pertinentes, de personnaliser les offres en fonction des centres d\u2019int\u00e9r\u00eat de chacun, de mesurer la fr\u00e9quentation et de comprendre la fa\u00e7on dont les utilisateurs utilisent le site.<\/p>\n<p><strong>Quelle est la dur\u00e9e de vie d\u2019un cookie ?<\/strong><\/p>\n<p>La dur\u00e9e de vie d\u2019un cookie sur votre ordinateur est variable. Certains cookies sont automatiquement supprim\u00e9s lorsque vous fermez votre navigateur. D\u2019autres cookies expirent \u00e0 une date d\u00e9finie. CARE PROMOTION conserve les cookies issus de votre navigation sur le pr\u00e9sent site, lorsque vous avez consenti \u00e0 leur d\u00e9p\u00f4t, pendant une dur\u00e9e maximale de 13 mois pour les cookies de mesure d\u2019audience et pendant une dur\u00e9e maximale de 6 mois, pour les autres types de cookies.<\/p>\n<ol>\n<li><strong>Quels sont les cookies utilis\u00e9s par CARE PROMOTION ?<\/strong><\/li>\n<\/ol>\n<ul>\n<li><strong>Cookies essentiels<\/strong><\/li>\n<\/ul>\n<p>Ces cookies sont n\u00e9cessaires au fonctionnement du site. Sans eux, le site ne pourra pas fonctionner de mani\u00e8re optimale. Ces cookies ne peuvent \u00eatre d\u00e9sactiv\u00e9s de notre syst\u00e8me. Vous avez toujours la possibilit\u00e9 de refuser ces cookies en configurant les param\u00e8tres de votre navigateur, toutefois votre exp\u00e9rience sur notre site en sera alt\u00e9r\u00e9e.<\/p>\n<table width=\"611\">\n<tbody>\n<tr>\n<td width=\"202\"><strong>Nom du cookie<\/strong><\/td>\n<td width=\"204\"><strong>Finalit\u00e9<\/strong><\/td>\n<td width=\"204\"><strong>Dur\u00e9e de conservation<\/strong><\/td>\n<\/tr>\n<tr>\n<td width=\"202\">Axeptio<\/td>\n<td width=\"204\">G\u00e9rer le consentement des utilisateurs, la liste de l\u2019ensemble des cookies du site, la liste des cookies \u00ab d\u00e9pos\u00e9s \u00bb<\/td>\n<td width=\"204\">1 an<\/td>\n<\/tr>\n<\/tbody>\n<\/table>\n<ul>\n<li><strong>Cookies de mesure d\u2019audience<\/strong><\/li>\n<\/ul>\n<p>Ces cookies permettent notamment de mesurer la fr\u00e9quentation du site, d\u2019analyser et de comprendre l\u2019utilisation qui en est faite, et d\u2019en am\u00e9liorer la performance. Ils ont vocation \u00e0 am\u00e9liorer l\u2019int\u00e9r\u00eat, l\u2019ergonomie et le fonctionnement des services propos\u00e9s sur notre site. Ces cookies n\u2019\u00e9tant pas strictement n\u00e9cessaires, ils sont soumis \u00e0 votre consentement.<\/p>\n<table width=\"609\">\n<tbody>\n<tr>\n<td width=\"202\"><strong>Nom du cookie<\/strong><\/td>\n<td width=\"204\"><strong>Finalit\u00e9<\/strong><\/td>\n<td width=\"204\"><strong>Dur\u00e9e de conservation<\/strong><\/td>\n<\/tr>\n<tr>\n<td width=\"202\">Google Analytics<\/td>\n<td width=\"204\">Am\u00e9liorer l\u2019exp\u00e9rience utilisateur<\/td>\n<td width=\"204\">13 mois<\/td>\n<\/tr>\n<tr>\n<td width=\"202\"><\/td>\n<td width=\"204\"><\/td>\n<td width=\"204\"><\/td>\n<\/tr>\n<\/tbody>\n<\/table>\n<ul>\n<li><strong>Cookies de pr\u00e9f\u00e9rence<\/strong><\/li>\n<\/ul>\n<p>Ces cookies sont destin\u00e9s \u00e0 faciliter votre exp\u00e9rience de navigation. Ils collectent des informations relatives \u00e0 vos choix et pr\u00e9f\u00e9rences, tel que la langue. Vous pouvez \u00e0 tout moment accepter ou refuser l\u2019utilisation de ces cookies.<\/p>\n<ul>\n<li><strong>Cookies publicitaires<\/strong><\/li>\n<\/ul>\n<p>Ces cookies sont utilis\u00e9s \u00e0 des fins marketing. En identifiant vos habitudes de consommation ou vos pr\u00e9f\u00e9rences, ces cookies nous permettent de vous proposer un contenu personnalis\u00e9 et des offres en lien avec vos centres d\u2019int\u00e9r\u00eat. Vous pouvez \u00e0 tout moment accepter ou refuser l\u2019utilisation de ces cookies.<\/p>\n<table width=\"603\">\n<tbody>\n<tr>\n<td width=\"200\"><strong>Nom du cookie<\/strong><\/td>\n<td width=\"202\"><strong>Finalit\u00e9<\/strong><\/td>\n<td width=\"202\"><strong>Dur\u00e9e de conservation<\/strong><\/td>\n<\/tr>\n<tr>\n<td width=\"200\">Facebook<\/td>\n<td width=\"202\">Identifier l\u2019utilisateur \u00e0 des fins marketing<\/td>\n<td width=\"202\">24 mois<\/td>\n<\/tr>\n<tr>\n<td width=\"200\"><\/td>\n<td width=\"202\"><\/td>\n<td width=\"202\"><\/td>\n<\/tr>\n<\/tbody>\n<\/table>\n<ul>\n<li><strong>Cookies tiers<\/strong><\/li>\n<\/ul>\n<p>CARE PROMOTION s\u2019appuie sur certains services fournis par des tiers. Cela r\u00e9pond entre autres \u00e0 une volont\u00e9 de vous proposer un contenu interactif, faciliter le partage sur les diff\u00e9rents r\u00e9seaux sociaux, visionner directement sur le site des vid\u00e9os, etc. Les cookies tiers englobent tous les cookies qui ne sont pas collect\u00e9s par CARE PROMOTION mais par un tiers. Ces cookies ne sont pas indispensables, vous pouvez \u00e0 tout moment refuser leur utilisation.<\/p>\n<p>CARE PROMOTION ne pourra \u00eatre tenue responsable de l\u2019utilisation des cookies tiers.<\/p>\n<p><strong>Comment g\u00e9rer ses cookies ?<\/strong><\/p>\n<p>Votre consentement pr\u00e9alable est requis avant le d\u00e9p\u00f4t et la lecture des cookies autres que ceux n\u00e9cessaires au fonctionnement du site <a href=\"http:\/\/www.care-promotion.fr\" target=\"_blank\" rel=\"noopener\">www.care-promotion.fr<\/a>.<\/p>\n<p>Conform\u00e9ment aux lignes directrices et \u00e0 la recommandation de la CNIL en la mati\u00e8re, vous avez la possibilit\u00e9 d\u00e8s l\u2019acc\u00e8s au pr\u00e9sent site, par l\u2019apparition d\u2019un bandeau, d\u2019accepter ou de refuser l\u2019activation de certains cookies.<\/p>\n<p><strong>Cliquez-ici pour modifier vos pr\u00e9f\u00e9rences en mati\u00e8re de cookies<\/strong><\/p>\n<p>Vous avez \u00e9galement la possibilit\u00e9 de d\u00e9sactiver les cookies en param\u00e9trant votre navigateur internet.<\/p>\n<p><strong>Consentement<\/strong><\/p>\n<p>L\u2019utilisation des cookies non n\u00e9cessaires au fonctionnement du Site est soumise au consentement de l\u2019utilisateur.<\/p>\n<p>Le consentement de l\u2019utilisateur se mat\u00e9rialise par la manifestation de sa volont\u00e9, de mani\u00e8re libre, sp\u00e9cifique, \u00e9clair\u00e9e et univoque, par une d\u00e9claration ou par un acte positif clair. Cette manifestation de l\u2019acceptation de l\u2019utilisation des cookies par l\u2019utilisateur s\u2019exprime dans les bandeaux cookies apparaissant d\u00e8s la premi\u00e8re connexion de l\u2019utilisateur sur le site. L\u2019utilisateur a \u00e9galement la possibilit\u00e9 de consentir \u00e0 l\u2019utilisation de cookies ou de retirer son consentement en utilisant l\u2019outil de param\u00e9trage accessible \u00e0 tout moment en bas \u00e0 gauche son l\u2019\u00e9cran (module Axeptio).<\/p>\n<p>A d\u00e9faut d\u2019un acte positif clair manifestant le consentement de l\u2019utilisateur \u00e0 l\u2019utilisation de cookies, celui-ci est pr\u00e9sum\u00e9 avoir refus\u00e9 une telle utilisation. Ainsi, l\u2019utilisateur qui poursuit sa navigation sur le site, qui ferme les bandeaux cookies ou qui clique en dehors de ce bandeau afin de le faire dispara\u00eetre est consid\u00e9r\u00e9 comme ayant refus\u00e9 l\u2019utilisation des cookies sur le site.<\/p>\n<p>Le consentement donn\u00e9 par l\u2019utilisateur est strictement limit\u00e9 \u00e0 l\u2019utilisation de cookies sur le site.<br \/>\nL\u2019utilisateur peut, \u00e0 tout moment, retirer le consentement qu\u2019il aurait pr\u00e9alablement donn\u00e9, ou bien donn\u00e9 son consentement \u00e0 l\u2019utilisation des cookies sur le site s\u2019il y avait pr\u00e9alable refus\u00e9.<\/p>\n<p>Il n\u2019est attach\u00e9 aucune cons\u00e9quence au refus par l\u2019utilisateur de l\u2019utilisation des cookies sur le site, sur lequel l\u2019utilisateur conserve un acc\u00e8s global.<\/p>\n<p><strong>Vos droits<\/strong><\/p>\n<p>Outre votre droit de revenir \u00e0 tout moment sur votre consentement \u00e0 ce que tel ou tel cookie soit d\u00e9pos\u00e9 sur votre Terminal, vous disposez d\u2019un droit d\u2019acc\u00e8s, de rectification, d\u2019effacement ou de portabilit\u00e9 de vos donn\u00e9es. Vous pouvez vous opposer au traitement de vos donn\u00e9es (ou en demander la limitation), ou bien encore, vous pouvez d\u00e9finir le sort de vos donn\u00e9es apr\u00e8s votre d\u00e9c\u00e8s.<\/p>\n<p>Pour faire valoir vos droits, merci d\u2019adresser votre courrier par lettre recommand\u00e9e avec accus\u00e9 de r\u00e9ception (LRAR) \u00e0 CARE PROMOTION, \u00e0 l\u2019attention du D\u00e9l\u00e9gu\u00e9 \u00e0 la protection des donn\u00e9es personnelles, 160 bis rue de Paris, 92100 BOULOGNE-BILLANCOURT, ou par courrier \u00e9lectronique \u00e0 <a href=\"mailto:dpo@carepromotion.fr\">dpo@care-promotion.fr<\/a><\/p>\n\t<\/div>\n<\/div>\n\n<\/div>\n<\/div><\/div>","protected":false},"excerpt":{"rendered":"","protected":false},"author":1,"featured_media":0,"parent":0,"menu_order":0,"comment_status":"closed","ping_status":"closed","template":"template-load-in-modal.blade.php","meta":[],"acf":[],"_links":{"self":[{"href":"https:\/\/care-alesia.fr\/en\/wp-json\/wp\/v2\/pages\/1156"}],"collection":[{"href":"https:\/\/care-alesia.fr\/en\/wp-json\/wp\/v2\/pages"}],"about":[{"href":"https:\/\/care-alesia.fr\/en\/wp-json\/wp\/v2\/types\/page"}],"author":[{"embeddable":true,"href":"https:\/\/care-alesia.fr\/en\/wp-json\/wp\/v2\/users\/1"}],"replies":[{"embeddable":true,"href":"https:\/\/care-alesia.fr\/en\/wp-json\/wp\/v2\/comments?post=1156"}],"version-history":[{"count":1,"href":"https:\/\/care-alesia.fr\/en\/wp-json\/wp\/v2\/pages\/1156\/revisions"}],"predecessor-version":[{"id":1157,"href":"https:\/\/care-alesia.fr\/en\/wp-json\/wp\/v2\/pages\/1156\/revisions\/1157"}],"wp:attachment":[{"href":"https:\/\/care-alesia.fr\/en\/wp-json\/wp\/v2\/media?parent=1156"}],"curies":[{"name":"wp","href":"https:\/\/api.w.org\/{rel}","templated":true}]}}